{"id":8650,"date":"2024-11-25T10:27:46","date_gmt":"2024-11-25T10:27:46","guid":{"rendered":"https:\/\/lantierideparatico.netechlab.it\/the-wines\/franciacorta\/franciacorta-gemmae-bio-d-o-c-g\/"},"modified":"2025-01-15T16:12:03","modified_gmt":"2025-01-15T16:12:03","slug":"franciacorta-gemmae-bio-d-o-c-g","status":"publish","type":"page","link":"https:\/\/www.lantierideparatico.it\/en\/the-wines\/franciacorta\/franciacorta-gemmae-bio-d-o-c-g\/","title":{"rendered":"Franciacorta Gemmae Bio D.O.C.G."},"content":{"rendered":"\t\t<div data-elementor-type=\"wp-page\" data-elementor-id=\"8650\" class=\"elementor elementor-8650 elementor-5983\">\n\t\t\t\t<div class=\"elementor-element elementor-element-ae9e362 e-con-full e-flex e-con e-parent\" data-id=\"ae9e362\" data-element_type=\"container\">\n\t\t<div class=\"elementor-element elementor-element-bc2a379 e-flex e-con-boxed e-con e-child\" data-id=\"bc2a379\" data-element_type=\"container\">\n\t\t\t\t\t<div class=\"e-con-inner\">\n\t\t<div class=\"elementor-element elementor-element-009bdfb e-con-full e-flex elementor-invisible e-con e-child\" data-id=\"009bdfb\" data-element_type=\"container\" data-settings=\"{&quot;animation&quot;:&quot;opal-scale-up&quot;}\">\n\t\t\t\t<div class=\"elementor-element elementor-element-76a67f7 elementor-widget__width-initial elementor-widget-divider--view-line elementor-widget elementor-widget-divider\" data-id=\"76a67f7\" data-element_type=\"widget\" data-widget_type=\"divider.default\">\n\t\t\t\t<div class=\"elementor-widget-container\">\n\t\t\t\t\t\t\t<div class=\"elementor-divider\">\n\t\t\t<span class=\"elementor-divider-separator\">\n\t\t\t\t\t\t<\/span>\n\t\t<\/div>\n\t\t\t\t\t\t<\/div>\n\t\t\t\t<\/div>\n\t\t\t\t<div class=\"elementor-element elementor-element-d243d9d elementor-widget elementor-widget-heading\" data-id=\"d243d9d\" data-element_type=\"widget\" data-widget_type=\"heading.default\">\n\t\t\t\t<div class=\"elementor-widget-container\">\n\t\t\t\t\t<span class=\"elementor-heading-title elementor-size-default\">Lantieri<\/span>\t\t\t\t<\/div>\n\t\t\t\t<\/div>\n\t\t\t\t<div class=\"elementor-element elementor-element-24e70fc elementor-widget__width-initial elementor-widget-divider--view-line elementor-widget elementor-widget-divider\" data-id=\"24e70fc\" data-element_type=\"widget\" data-widget_type=\"divider.default\">\n\t\t\t\t<div class=\"elementor-widget-container\">\n\t\t\t\t\t\t\t<div class=\"elementor-divider\">\n\t\t\t<span class=\"elementor-divider-separator\">\n\t\t\t\t\t\t<\/span>\n\t\t<\/div>\n\t\t\t\t\t\t<\/div>\n\t\t\t\t<\/div>\n\t\t\t\t<\/div>\n\t\t\t\t<div class=\"elementor-element elementor-element-60368c8 elementor-invisible elementor-widget elementor-widget-heading\" data-id=\"60368c8\" data-element_type=\"widget\" data-settings=\"{&quot;_animation&quot;:&quot;opal-move-up&quot;}\" data-widget_type=\"heading.default\">\n\t\t\t\t<div class=\"elementor-widget-container\">\n\t\t\t\t\t<h2 class=\"elementor-heading-title elementor-size-default\">Franciacorta Gemmae Bio\nD.O.C.G.<\/h2>\t\t\t\t<\/div>\n\t\t\t\t<\/div>\n\t\t\t\t<div class=\"elementor-element elementor-element-3750f56 elementor-widget elementor-widget-spacer\" data-id=\"3750f56\" data-element_type=\"widget\" data-widget_type=\"spacer.default\">\n\t\t\t\t<div class=\"elementor-widget-container\">\n\t\t\t\t\t\t\t<div class=\"elementor-spacer\">\n\t\t\t<div class=\"elementor-spacer-inner\"><\/div>\n\t\t<\/div>\n\t\t\t\t\t\t<\/div>\n\t\t\t\t<\/div>\n\t\t\t\t\t<\/div>\n\t\t\t\t<\/div>\n\t\t\t\t<div class=\"elementor-element elementor-element-1dc7a95 elementor-widget elementor-widget-text-editor\" data-id=\"1dc7a95\" data-element_type=\"widget\" data-widget_type=\"text-editor.default\">\n\t\t\t\t<div class=\"elementor-widget-container\">\n\t\t\t\t\t\t\t\t\t<h5 style=\"text-align: center;\">Un Franciacorta biologico che incarna raffinatezza, naturalezza e versatilit\u00e0, perfetto per celebrare ogni occasione speciale.<\/h5>\n\t\t\t\t\t\t\t\t<\/div>\n\t\t\t\t<\/div>\n\t\t\t\t<div class=\"elementor-element elementor-element-e301471 elementor-widget elementor-widget-spacer\" data-id=\"e301471\" data-element_type=\"widget\" data-widget_type=\"spacer.default\">\n\t\t\t\t<div class=\"elementor-widget-container\">\n\t\t\t\t\t\t\t<div class=\"elementor-spacer\">\n\t\t\t<div class=\"elementor-spacer-inner\"><\/div>\n\t\t<\/div>\n\t\t\t\t\t\t<\/div>\n\t\t\t\t<\/div>\n\t\t\t\t<\/div>\n\t\t<div class=\"elementor-element elementor-element-0becf20 e-flex e-con-boxed e-con e-parent\" data-id=\"0becf20\" data-element_type=\"container\">\n\t\t\t\t\t<div class=\"e-con-inner\">\n\t\t<div class=\"elementor-element elementor-element-dfafdf4 e-con-full e-flex e-con e-child\" data-id=\"dfafdf4\" data-element_type=\"container\">\n\t\t\t\t<div class=\"elementor-element elementor-element-cafa7a1 elementor-widget elementor-widget-image\" data-id=\"cafa7a1\" data-element_type=\"widget\" data-widget_type=\"image.default\">\n\t\t\t\t<div class=\"elementor-widget-container\">\n\t\t\t\t\t\t\t\t\t\t\t\t\t\t\t<img fetchpriority=\"high\" decoding=\"async\" width=\"400\" height=\"900\" src=\"https:\/\/www.lantierideparatico.it\/wp-content\/uploads\/2024\/11\/Gemmae.png\" class=\"attachment-large size-large wp-image-8299\" alt=\"\" srcset=\"https:\/\/www.lantierideparatico.it\/wp-content\/uploads\/2024\/11\/Gemmae.png 400w, https:\/\/www.lantierideparatico.it\/wp-content\/uploads\/2024\/11\/Gemmae-133x300.png 133w\" sizes=\"(max-width: 400px) 100vw, 400px\" \/>\t\t\t\t\t\t\t\t\t\t\t\t\t\t\t<\/div>\n\t\t\t\t<\/div>\n\t\t\t\t<\/div>\n\t\t<div class=\"elementor-element elementor-element-04e0617 e-con-full e-flex e-con e-child\" data-id=\"04e0617\" data-element_type=\"container\">\n\t\t\t\t<div class=\"elementor-element elementor-element-4bbc31c elementor-widget elementor-widget-heading\" data-id=\"4bbc31c\" data-element_type=\"widget\" data-widget_type=\"heading.default\">\n\t\t\t\t<div class=\"elementor-widget-container\">\n\t\t\t\t\t<h5 class=\"elementor-heading-title elementor-size-default\">Uvaggio<\/h5>\t\t\t\t<\/div>\n\t\t\t\t<\/div>\n\t\t\t\t<div class=\"elementor-element elementor-element-794545c elementor-widget elementor-widget-text-editor\" data-id=\"794545c\" data-element_type=\"widget\" data-widget_type=\"text-editor.default\">\n\t\t\t\t<div class=\"elementor-widget-container\">\n\t\t\t\t\t\t\t\t\t<ul>\n<li>Chardonnay 100%<\/li>\n<\/ul>\n<p>Prodotto da nostre uve biologiche raccolte a mano.<\/p>\n\t\t\t\t\t\t\t\t<\/div>\n\t\t\t\t<\/div>\n\t\t\t\t<div class=\"elementor-element elementor-element-4affdc8 elementor-widget elementor-widget-heading\" data-id=\"4affdc8\" data-element_type=\"widget\" data-widget_type=\"heading.default\">\n\t\t\t\t<div class=\"elementor-widget-container\">\n\t\t\t\t\t<h5 class=\"elementor-heading-title elementor-size-default\">Vinificazione<\/h5>\t\t\t\t<\/div>\n\t\t\t\t<\/div>\n\t\t\t\t<div class=\"elementor-element elementor-element-79641ae elementor-widget elementor-widget-text-editor\" data-id=\"79641ae\" data-element_type=\"widget\" data-widget_type=\"text-editor.default\">\n\t\t\t\t<div class=\"elementor-widget-container\">\n\t\t\t\t\t\t\t\t\t<p>Soffice pressatura delle uve, fermentazione in tini di acciaio e in piccole botti di rovere a temperatura controllata. Dopo la fermentazione il vino viene mantenuto a contatto con i lieviti attraverso un\u2019operazione di batonage. Successivamente il Franciacorta viene preparato per il tiraggio con cui ha inizio la rifermentazione in bottiglia e l\u2019affinamento sui lieviti in media per 24 mesi.<\/p>\n\t\t\t\t\t\t\t\t<\/div>\n\t\t\t\t<\/div>\n\t\t\t\t<div class=\"elementor-element elementor-element-e812de4 elementor-widget elementor-widget-heading\" data-id=\"e812de4\" data-element_type=\"widget\" data-widget_type=\"heading.default\">\n\t\t\t\t<div class=\"elementor-widget-container\">\n\t\t\t\t\t<h5 class=\"elementor-heading-title elementor-size-default\">Permanenza in bottiglia a contatto sui lieviti<\/h5>\t\t\t\t<\/div>\n\t\t\t\t<\/div>\n\t\t\t\t<div class=\"elementor-element elementor-element-ff92f7f elementor-widget elementor-widget-text-editor\" data-id=\"ff92f7f\" data-element_type=\"widget\" data-widget_type=\"text-editor.default\">\n\t\t\t\t<div class=\"elementor-widget-container\">\n\t\t\t\t\t\t\t\t\t<p>Almeno 24 mesi.<\/p>\n\t\t\t\t\t\t\t\t<\/div>\n\t\t\t\t<\/div>\n\t\t\t\t<div class=\"elementor-element elementor-element-f8a41bb elementor-widget elementor-widget-heading\" data-id=\"f8a41bb\" data-element_type=\"widget\" data-widget_type=\"heading.default\">\n\t\t\t\t<div class=\"elementor-widget-container\">\n\t\t\t\t\t<h5 class=\"elementor-heading-title elementor-size-default\">Zuccheri<\/h5>\t\t\t\t<\/div>\n\t\t\t\t<\/div>\n\t\t\t\t<div class=\"elementor-element elementor-element-f89add7 elementor-widget elementor-widget-text-editor\" data-id=\"f89add7\" data-element_type=\"widget\" data-widget_type=\"text-editor.default\">\n\t\t\t\t<div class=\"elementor-widget-container\">\n\t\t\t\t\t\t\t\t\t<p>g\/l 6<\/p>\n\t\t\t\t\t\t\t\t<\/div>\n\t\t\t\t<\/div>\n\t\t\t\t<div class=\"elementor-element elementor-element-243f29c elementor-widget elementor-widget-heading\" data-id=\"243f29c\" data-element_type=\"widget\" data-widget_type=\"heading.default\">\n\t\t\t\t<div class=\"elementor-widget-container\">\n\t\t\t\t\t<h5 class=\"elementor-heading-title elementor-size-default\">Colore<\/h5>\t\t\t\t<\/div>\n\t\t\t\t<\/div>\n\t\t\t\t<div class=\"elementor-element elementor-element-6827963 elementor-widget elementor-widget-text-editor\" data-id=\"6827963\" data-element_type=\"widget\" data-widget_type=\"text-editor.default\">\n\t\t\t\t<div class=\"elementor-widget-container\">\n\t\t\t\t\t\t\t\t\t<p>Luminoso e brillante, presenta un elegante giallo paglierino con riflessi dorati. Il perlage \u00e8 fine e persistente, esaltando la vivacit\u00e0 del vino e la sua personalit\u00e0.<\/p>\n\t\t\t\t\t\t\t\t<\/div>\n\t\t\t\t<\/div>\n\t\t\t\t<div class=\"elementor-element elementor-element-23b64a1 elementor-widget elementor-widget-heading\" data-id=\"23b64a1\" data-element_type=\"widget\" data-widget_type=\"heading.default\">\n\t\t\t\t<div class=\"elementor-widget-container\">\n\t\t\t\t\t<h5 class=\"elementor-heading-title elementor-size-default\">Olfatto<\/h5>\t\t\t\t<\/div>\n\t\t\t\t<\/div>\n\t\t\t\t<div class=\"elementor-element elementor-element-b7de4d4 elementor-widget elementor-widget-text-editor\" data-id=\"b7de4d4\" data-element_type=\"widget\" data-widget_type=\"text-editor.default\">\n\t\t\t\t<div class=\"elementor-widget-container\">\n\t\t\t\t\t\t\t\t\t<p>Bouquet aromatico intenso e raffinato. Si apre con note fresche di agrumi, come limone e pompelmo, accompagnate da sentori di mela verde e pesca bianca. Emergono delicate sfumature floreali di biancospino e acacia, seguite da intriganti accenti di nocciola tostata e crosta di pane, grazie alla lunga permanenza sui lieviti.<\/p>\n\t\t\t\t\t\t\t\t<\/div>\n\t\t\t\t<\/div>\n\t\t\t\t<div class=\"elementor-element elementor-element-996132a elementor-widget elementor-widget-heading\" data-id=\"996132a\" data-element_type=\"widget\" data-widget_type=\"heading.default\">\n\t\t\t\t<div class=\"elementor-widget-container\">\n\t\t\t\t\t<h5 class=\"elementor-heading-title elementor-size-default\">Gusto<\/h5>\t\t\t\t<\/div>\n\t\t\t\t<\/div>\n\t\t\t\t<div class=\"elementor-element elementor-element-7febeff elementor-widget elementor-widget-text-editor\" data-id=\"7febeff\" data-element_type=\"widget\" data-widget_type=\"text-editor.default\">\n\t\t\t\t<div class=\"elementor-widget-container\">\n\t\t\t\t\t\t\t\t\t<p>Raffinato ed elegante, si distingue per una piacevole freschezza e una cremosit\u00e0 che avvolge il palato. Sentori di agrumi maturi e frutta a polpa bianca si intrecciano con delicate note floreali e sfumature di crosta di pane, regalando una complessit\u00e0 aromatica sorprendente e persistente.<\/p>\n\t\t\t\t\t\t\t\t<\/div>\n\t\t\t\t<\/div>\n\t\t\t\t<div class=\"elementor-element elementor-element-9244c8f elementor-widget elementor-widget-heading\" data-id=\"9244c8f\" data-element_type=\"widget\" data-widget_type=\"heading.default\">\n\t\t\t\t<div class=\"elementor-widget-container\">\n\t\t\t\t\t<h5 class=\"elementor-heading-title elementor-size-default\">Accostamenti gastronomici<\/h5>\t\t\t\t<\/div>\n\t\t\t\t<\/div>\n\t\t\t\t<div class=\"elementor-element elementor-element-1b30478 elementor-widget elementor-widget-text-editor\" data-id=\"1b30478\" data-element_type=\"widget\" data-widget_type=\"text-editor.default\">\n\t\t\t\t<div class=\"elementor-widget-container\">\n\t\t\t\t\t\t\t\t\t<p>Perfetto con piatti di mare, come crudit\u00e9 di pesce, ostriche e tartare di tonno. Si abbina elegantemente anche a primi piatti delicati, formaggi freschi e carni bianche, esaltando ogni portata con la sua vivace mineralit\u00e0.<\/p>\n\t\t\t\t\t\t\t\t<\/div>\n\t\t\t\t<\/div>\n\t\t\t\t<div class=\"elementor-element elementor-element-0458096 elementor-widget elementor-widget-heading\" data-id=\"0458096\" data-element_type=\"widget\" data-widget_type=\"heading.default\">\n\t\t\t\t<div class=\"elementor-widget-container\">\n\t\t\t\t\t<h5 class=\"elementor-heading-title elementor-size-default\">Temperatura di servizio<\/h5>\t\t\t\t<\/div>\n\t\t\t\t<\/div>\n\t\t\t\t<div class=\"elementor-element elementor-element-2bb6bf2 elementor-widget elementor-widget-text-editor\" data-id=\"2bb6bf2\" data-element_type=\"widget\" data-widget_type=\"text-editor.default\">\n\t\t\t\t<div class=\"elementor-widget-container\">\n\t\t\t\t\t\t\t\t\t<p>8\u00b0<\/p>\n\t\t\t\t\t\t\t\t<\/div>\n\t\t\t\t<\/div>\n\t\t\t\t<div class=\"elementor-element elementor-element-16d0d7b elementor-widget elementor-widget-heading\" data-id=\"16d0d7b\" data-element_type=\"widget\" data-widget_type=\"heading.default\">\n\t\t\t\t<div class=\"elementor-widget-container\">\n\t\t\t\t\t<h5 class=\"elementor-heading-title elementor-size-default\">Gradazione alcolica<\/h5>\t\t\t\t<\/div>\n\t\t\t\t<\/div>\n\t\t\t\t<div class=\"elementor-element elementor-element-07f6cd8 elementor-widget elementor-widget-text-editor\" data-id=\"07f6cd8\" data-element_type=\"widget\" data-widget_type=\"text-editor.default\">\n\t\t\t\t<div class=\"elementor-widget-container\">\n\t\t\t\t\t\t\t\t\t<p>12,5\u00b0<\/p>\n\t\t\t\t\t\t\t\t<\/div>\n\t\t\t\t<\/div>\n\t\t\t\t<div class=\"elementor-element elementor-element-32b383d elementor-widget elementor-widget-heading\" data-id=\"32b383d\" data-element_type=\"widget\" data-widget_type=\"heading.default\">\n\t\t\t\t<div class=\"elementor-widget-container\">\n\t\t\t\t\t<h5 class=\"elementor-heading-title elementor-size-default\">Formati<\/h5>\t\t\t\t<\/div>\n\t\t\t\t<\/div>\n\t\t\t\t<div class=\"elementor-element elementor-element-1406b30 elementor-widget elementor-widget-text-editor\" data-id=\"1406b30\" data-element_type=\"widget\" data-widget_type=\"text-editor.default\">\n\t\t\t\t<div class=\"elementor-widget-container\">\n\t\t\t\t\t\t\t\t\t<p>0,75 L<\/p>\n\t\t\t\t\t\t\t\t<\/div>\n\t\t\t\t<\/div>\n\t\t\t\t<div class=\"elementor-element elementor-element-4235a1a elementor-button-outline animated-fast elementor-invisible elementor-widget elementor-widget-button\" data-id=\"4235a1a\" data-element_type=\"widget\" data-settings=\"{&quot;_animation&quot;:&quot;opal-move-up&quot;}\" data-widget_type=\"button.default\">\n\t\t\t\t<div class=\"elementor-widget-container\">\n\t\t\t\t\t\t\t\t\t<div class=\"elementor-button-wrapper\">\n\t\t\t\t\t<a class=\"elementor-button elementor-button-link elementor-size-sm\" href=\"https:\/\/www.lantierideparatico.it\/wp-content\/uploads\/2024\/11\/Lantieri-Franciacorta-Gemmae-ITA.pdf\" target=\"_blank\">\n\t\t\t\t\t\t<span class=\"elementor-button-content-wrapper\">\n\t\t\t\t\t\t<span class=\"elementor-button-icon\">\n\t\t\t\t<svg xmlns=\"http:\/\/www.w3.org\/2000\/svg\" width=\"20\" height=\"32\" viewBox=\"0 0 20 32\"><path d=\"M18.614 14.841l-13.091-13.091c-0.773-0.636-1.545-0.636-2.318 0-0.636 0.773-0.636 1.545 0 2.318l11.932 11.932-11.932 11.932c-0.636 0.773-0.636 1.545 0 2.318 0.773 0.637 1.545 0.637 2.318 0l13.091-13.091c0.636-0.773 0.636-1.545 0-2.318z\" class=\"btn-icon__icon\"><\/path><path d=\"M18.614 14.841l-13.091-13.091c-0.773-0.636-1.545-0.636-2.318 0-0.636 0.773-0.636 1.545 0 2.318l11.932 11.932-11.932 11.932c-0.636 0.773-0.636 1.545 0 2.318 0.773 0.637 1.545 0.637 2.318 0l13.091-13.091c0.636-0.773 0.636-1.545 0-2.318z\" class=\"btn-icon__icon\"><\/path><\/svg>\t\t\t<\/span>\n\t\t\t\t\t\t\t\t\t<span class=\"elementor-button-text\">Scheda Tecnica PDF<\/span>\n\t\t\t\t\t<\/span>\n\t\t\t\t\t<\/a>\n\t\t\t\t<\/div>\n\t\t\t\t\t\t\t\t<\/div>\n\t\t\t\t<\/div>\n\t\t\t\t<div class=\"elementor-element elementor-element-b1b9136 elementor-widget elementor-widget-spacer\" data-id=\"b1b9136\" data-element_type=\"widget\" data-widget_type=\"spacer.default\">\n\t\t\t\t<div class=\"elementor-widget-container\">\n\t\t\t\t\t\t\t<div class=\"elementor-spacer\">\n\t\t\t<div class=\"elementor-spacer-inner\"><\/div>\n\t\t<\/div>\n\t\t\t\t\t\t<\/div>\n\t\t\t\t<\/div>\n\t\t\t\t<div class=\"elementor-element elementor-element-0b8287e elementor-widget-divider--view-line elementor-widget elementor-widget-divider\" data-id=\"0b8287e\" data-element_type=\"widget\" data-widget_type=\"divider.default\">\n\t\t\t\t<div class=\"elementor-widget-container\">\n\t\t\t\t\t\t\t<div class=\"elementor-divider\">\n\t\t\t<span class=\"elementor-divider-separator\">\n\t\t\t\t\t\t<\/span>\n\t\t<\/div>\n\t\t\t\t\t\t<\/div>\n\t\t\t\t<\/div>\n\t\t<div class=\"elementor-element elementor-element-e9c13cd e-grid e-con-full e-con e-child\" data-id=\"e9c13cd\" data-element_type=\"container\">\n\t\t\t\t<div class=\"elementor-element elementor-element-2e96ed6 elementor-button-outline animated-fast elementor-widget elementor-widget-button\" data-id=\"2e96ed6\" data-element_type=\"widget\" data-settings=\"{&quot;_animation&quot;:&quot;none&quot;}\" data-widget_type=\"button.default\">\n\t\t\t\t<div class=\"elementor-widget-container\">\n\t\t\t\t\t\t\t\t\t<div class=\"elementor-button-wrapper\">\n\t\t\t\t\t<a class=\"elementor-button elementor-button-link elementor-size-sm\" href=\"https:\/\/www.lantierideparatico.it\/en\/confezioni-regalo\/\">\n\t\t\t\t\t\t<span class=\"elementor-button-content-wrapper\">\n\t\t\t\t\t\t<span class=\"elementor-button-icon\">\n\t\t\t\t<svg xmlns=\"http:\/\/www.w3.org\/2000\/svg\" width=\"20\" height=\"32\" viewBox=\"0 0 20 32\"><path d=\"M18.614 14.841l-13.091-13.091c-0.773-0.636-1.545-0.636-2.318 0-0.636 0.773-0.636 1.545 0 2.318l11.932 11.932-11.932 11.932c-0.636 0.773-0.636 1.545 0 2.318 0.773 0.637 1.545 0.637 2.318 0l13.091-13.091c0.636-0.773 0.636-1.545 0-2.318z\" class=\"btn-icon__icon\"><\/path><path d=\"M18.614 14.841l-13.091-13.091c-0.773-0.636-1.545-0.636-2.318 0-0.636 0.773-0.636 1.545 0 2.318l11.932 11.932-11.932 11.932c-0.636 0.773-0.636 1.545 0 2.318 0.773 0.637 1.545 0.637 2.318 0l13.091-13.091c0.636-0.773 0.636-1.545 0-2.318z\" class=\"btn-icon__icon\"><\/path><\/svg>\t\t\t<\/span>\n\t\t\t\t\t\t\t\t\t<span class=\"elementor-button-text\">Confezioni Regalo<\/span>\n\t\t\t\t\t<\/span>\n\t\t\t\t\t<\/a>\n\t\t\t\t<\/div>\n\t\t\t\t\t\t\t\t<\/div>\n\t\t\t\t<\/div>\n\t\t\t\t<div class=\"elementor-element elementor-element-2f9e29a elementor-button-outline animated-fast elementor-widget elementor-widget-button\" data-id=\"2f9e29a\" data-element_type=\"widget\" data-settings=\"{&quot;_animation&quot;:&quot;none&quot;}\" data-widget_type=\"button.default\">\n\t\t\t\t<div class=\"elementor-widget-container\">\n\t\t\t\t\t\t\t\t\t<div class=\"elementor-button-wrapper\">\n\t\t\t\t\t<a class=\"elementor-button elementor-button-link elementor-size-sm\" href=\"https:\/\/www.lantierideparatico.it\/en\/acquista-i-nostri-vini\/\">\n\t\t\t\t\t\t<span class=\"elementor-button-content-wrapper\">\n\t\t\t\t\t\t<span class=\"elementor-button-icon\">\n\t\t\t\t<svg xmlns=\"http:\/\/www.w3.org\/2000\/svg\" width=\"20\" height=\"32\" viewBox=\"0 0 20 32\"><path d=\"M18.614 14.841l-13.091-13.091c-0.773-0.636-1.545-0.636-2.318 0-0.636 0.773-0.636 1.545 0 2.318l11.932 11.932-11.932 11.932c-0.636 0.773-0.636 1.545 0 2.318 0.773 0.637 1.545 0.637 2.318 0l13.091-13.091c0.636-0.773 0.636-1.545 0-2.318z\" class=\"btn-icon__icon\"><\/path><path d=\"M18.614 14.841l-13.091-13.091c-0.773-0.636-1.545-0.636-2.318 0-0.636 0.773-0.636 1.545 0 2.318l11.932 11.932-11.932 11.932c-0.636 0.773-0.636 1.545 0 2.318 0.773 0.637 1.545 0.637 2.318 0l13.091-13.091c0.636-0.773 0.636-1.545 0-2.318z\" class=\"btn-icon__icon\"><\/path><\/svg>\t\t\t<\/span>\n\t\t\t\t\t\t\t\t\t<span class=\"elementor-button-text\">Acquista ora<\/span>\n\t\t\t\t\t<\/span>\n\t\t\t\t\t<\/a>\n\t\t\t\t<\/div>\n\t\t\t\t\t\t\t\t<\/div>\n\t\t\t\t<\/div>\n\t\t\t\t<\/div>\n\t\t\t\t<div class=\"elementor-element elementor-element-c7771e5 elementor-widget-divider--view-line elementor-widget elementor-widget-divider\" data-id=\"c7771e5\" data-element_type=\"widget\" data-widget_type=\"divider.default\">\n\t\t\t\t<div class=\"elementor-widget-container\">\n\t\t\t\t\t\t\t<div class=\"elementor-divider\">\n\t\t\t<span class=\"elementor-divider-separator\">\n\t\t\t\t\t\t<\/span>\n\t\t<\/div>\n\t\t\t\t\t\t<\/div>\n\t\t\t\t<\/div>\n\t\t\t\t<div class=\"elementor-element elementor-element-fd6e925 elementor-widget elementor-widget-spacer\" data-id=\"fd6e925\" data-element_type=\"widget\" data-widget_type=\"spacer.default\">\n\t\t\t\t<div class=\"elementor-widget-container\">\n\t\t\t\t\t\t\t<div class=\"elementor-spacer\">\n\t\t\t<div class=\"elementor-spacer-inner\"><\/div>\n\t\t<\/div>\n\t\t\t\t\t\t<\/div>\n\t\t\t\t<\/div>\n\t\t\t\t<\/div>\n\t\t\t\t\t<\/div>\n\t\t\t\t<\/div>\n\t\t\t\t<\/div>\n\t\t","protected":false},"excerpt":{"rendered":"<p>Lantieri Franciacorta Gemmae Bio D.O.C.G. Un Franciacorta biologico che incarna raffinatezza, naturalezza e versatilit\u00e0, perfetto per celebrare ogni occasione speciale. Uvaggio Chardonnay 100% Prodotto da nostre uve biologiche raccolte a mano. Vinificazione Soffice pressatura delle uve, fermentazione in tini di acciaio e in piccole botti di rovere a temperatura controllata. Dopo la fermentazione il vino [&hellip;]<\/p>\n","protected":false},"author":2,"featured_media":0,"parent":8604,"menu_order":0,"comment_status":"closed","ping_status":"closed","template":"","meta":{"footnotes":""},"class_list":["post-8650","page","type-page","status-publish","hentry"],"_links":{"self":[{"href":"https:\/\/www.lantierideparatico.it\/en\/wp-json\/wp\/v2\/pages\/8650","targetHints":{"allow":["GET"]}}],"collection":[{"href":"https:\/\/www.lantierideparatico.it\/en\/wp-json\/wp\/v2\/pages"}],"about":[{"href":"https:\/\/www.lantierideparatico.it\/en\/wp-json\/wp\/v2\/types\/page"}],"author":[{"embeddable":true,"href":"https:\/\/www.lantierideparatico.it\/en\/wp-json\/wp\/v2\/users\/2"}],"replies":[{"embeddable":true,"href":"https:\/\/www.lantierideparatico.it\/en\/wp-json\/wp\/v2\/comments?post=8650"}],"version-history":[{"count":0,"href":"https:\/\/www.lantierideparatico.it\/en\/wp-json\/wp\/v2\/pages\/8650\/revisions"}],"up":[{"embeddable":true,"href":"https:\/\/www.lantierideparatico.it\/en\/wp-json\/wp\/v2\/pages\/8604"}],"wp:attachment":[{"href":"https:\/\/www.lantierideparatico.it\/en\/wp-json\/wp\/v2\/media?parent=8650"}],"curies":[{"name":"wp","href":"https:\/\/api.w.org\/{rel}","templated":true}]}}